{"id":2314,"date":"2021-08-16T13:41:41","date_gmt":"2021-08-16T16:41:41","guid":{"rendered":"https:\/\/www.hiperfireextintores.com.br\/blog\/?page_id=2314"},"modified":"2025-03-03T19:33:16","modified_gmt":"2025-03-03T22:33:16","slug":"empresa-de-extintores-de-incendio-hiper-fire","status":"publish","type":"page","link":"https:\/\/hiperfireextintores.com.br\/blog\/empresa-de-extintores-de-incendio-hiper-fire\/","title":{"rendered":"Empresa de Extintores de Inc\u00eandio Hiper Fire"},"content":{"rendered":"\t\t<div data-elementor-type=\"wp-page\" data-elementor-id=\"2314\" class=\"elementor elementor-2314\">\n\t\t\t\t\t\t<section class=\"elementor-section elementor-top-section elementor-element elementor-element-3a1ae17 elementor-reverse-mobile elementor-section-boxed elementor-section-height-default elementor-section-height-default\" data-id=\"3a1ae17\" data-element_type=\"section\">\n\t\t\t\t\t\t<div class=\"elementor-container elementor-column-gap-default\">\n\t\t\t\t\t<div class=\"elementor-column elementor-col-50 elementor-top-column elementor-element elementor-element-3a789ec\" data-id=\"3a789ec\" data-element_type=\"column\">\n\t\t\t<div class=\"elementor-widget-wrap elementor-element-populated\">\n\t\t\t\t\t\t<div class=\"elementor-element elementor-element-475488c elementor-widget elementor-widget-heading\" data-id=\"475488c\" data-element_type=\"widget\" data-widget_type=\"heading.default\">\n\t\t\t\t<div class=\"elementor-widget-container\">\n\t\t\t\t\t<h1 class=\"elementor-heading-title elementor-size-default\">Empresa de Extintores de Inc\u00eandio Hiper Fire\u200b<\/h1>\t\t\t\t<\/div>\n\t\t\t\t<\/div>\n\t\t\t\t<div class=\"elementor-element elementor-element-dfac119 elementor-widget elementor-widget-text-editor\" data-id=\"dfac119\" data-element_type=\"widget\" data-widget_type=\"text-editor.default\">\n\t\t\t\t<div class=\"elementor-widget-container\">\n\t\t\t\t\t\t\t\t\t<p>Temos uma larga experi\u00eancia no mercado adquirida atrav\u00e9s da atua\u00e7\u00e3o de mercado de nossos profissionais, com mais de 10 anos de experi\u00eancia no ramo de brigada de inc\u00eandio, todos os servi\u00e7os prestados por nossa empresa s\u00e3o certificados e aprovados pelo INMETRO\/IPEM, que \u00e9 o \u00f3rg\u00e3o regulador de nossa fun\u00e7\u00e3o.<\/p><p>Contando com equipamentos de \u00faltima gera\u00e7\u00e3o e profissionais capacitados, podemos atender sua demanda de forma personalizada com rapidez e efici\u00eancia, trabalhamos com todos os tipos de extintores de inc\u00eandio, rede de hidrantes, placas de sinaliza\u00e7\u00e3o e alarmes de inc\u00eandio, todos os profissionais\/t\u00e9cnicos em atua\u00e7\u00e3o em nossa empresa s\u00e3o certificados por escolas reconhecidas e aprovadas no mercado. Oferecemos solu\u00e7\u00f5es pr\u00e1ticas e eficazes, com qualidade e confiabilidade que somente nossa marca possui.<\/p>\t\t\t\t\t\t\t\t<\/div>\n\t\t\t\t<\/div>\n\t\t\t\t\t<\/div>\n\t\t<\/div>\n\t\t\t\t<div class=\"elementor-column elementor-col-50 elementor-top-column elementor-element elementor-element-3ad9aff\" data-id=\"3ad9aff\" data-element_type=\"column\">\n\t\t\t<div class=\"elementor-widget-wrap elementor-element-populated\">\n\t\t\t\t\t\t<div class=\"elementor-element elementor-element-cbc7471 elementor-widget elementor-widget-image\" data-id=\"cbc7471\" data-element_type=\"widget\" data-widget_type=\"image.default\">\n\t\t\t\t<div class=\"elementor-widget-container\">\n\t\t\t\t\t\t\t\t\t\t\t\t\t\t\t<img fetchpriority=\"high\" decoding=\"async\" width=\"796\" height=\"596\" src=\"https:\/\/hiperfireextintores.com.br\/blog\/wp-content\/uploads\/2021\/06\/hiper-fire-recarga-extintores.jpg\" class=\"attachment-large size-large wp-image-2191\" alt=\"\" srcset=\"https:\/\/hiperfireextintores.com.br\/blog\/wp-content\/uploads\/2021\/06\/hiper-fire-recarga-extintores.jpg 796w, https:\/\/hiperfireextintores.com.br\/blog\/wp-content\/uploads\/2021\/06\/hiper-fire-recarga-extintores-300x225.jpg 300w, https:\/\/hiperfireextintores.com.br\/blog\/wp-content\/uploads\/2021\/06\/hiper-fire-recarga-extintores-768x575.jpg 768w\" sizes=\"(max-width: 796px) 100vw, 796px\" \/>\t\t\t\t\t\t\t\t\t\t\t\t\t\t\t<\/div>\n\t\t\t\t<\/div>\n\t\t\t\t\t<\/div>\n\t\t<\/div>\n\t\t\t\t\t<\/div>\n\t\t<\/section>\n\t\t\t\t<section class=\"elementor-section elementor-top-section elementor-element elementor-element-118368f elementor-section-stretched elementor-section-full_width elementor-section-height-default elementor-section-height-default\" data-id=\"118368f\" data-element_type=\"section\" data-settings=\"{&quot;stretch_section&quot;:&quot;section-stretched&quot;}\">\n\t\t\t\t\t\t<div class=\"elementor-container elementor-column-gap-default\">\n\t\t\t\t\t<div class=\"elementor-column elementor-col-100 elementor-top-column elementor-element elementor-element-cf6b0d8\" data-id=\"cf6b0d8\" data-element_type=\"column\">\n\t\t\t<div class=\"elementor-widget-wrap elementor-element-populated\">\n\t\t\t\t\t\t<div class=\"elementor-element elementor-element-7593df5 elementor-widget elementor-widget-text-editor\" data-id=\"7593df5\" data-element_type=\"widget\" data-widget_type=\"text-editor.default\">\n\t\t\t\t<div class=\"elementor-widget-container\">\n\t\t\t\t\t\t\t\t\t<p>Clientes e parceiros que trabalham com a Hiper Fire<\/p>\t\t\t\t\t\t\t\t<\/div>\n\t\t\t\t<\/div>\n\t\t\t\t<div class=\"elementor-element elementor-element-69e6f5a elementor-widget-divider--view-line elementor-widget elementor-widget-divider\" data-id=\"69e6f5a\" data-element_type=\"widget\" data-widget_type=\"divider.default\">\n\t\t\t\t<div class=\"elementor-widget-container\">\n\t\t\t\t\t\t\t<div class=\"elementor-divider\">\n\t\t\t<span class=\"elementor-divider-separator\">\n\t\t\t\t\t\t<\/span>\n\t\t<\/div>\n\t\t\t\t\t\t<\/div>\n\t\t\t\t<\/div>\n\t\t\t\t<div class=\"elementor-element elementor-element-2c1e895 elementor-arrows-position-inside elementor-widget elementor-widget-image-carousel\" data-id=\"2c1e895\" data-element_type=\"widget\" data-settings=\"{&quot;slides_to_scroll&quot;:&quot;1&quot;,&quot;navigation&quot;:&quot;arrows&quot;,&quot;pause_on_hover&quot;:&quot;no&quot;,&quot;slides_to_scroll_mobile&quot;:&quot;1&quot;,&quot;autoplay&quot;:&quot;yes&quot;,&quot;pause_on_interaction&quot;:&quot;yes&quot;,&quot;autoplay_speed&quot;:5000,&quot;infinite&quot;:&quot;yes&quot;,&quot;speed&quot;:500}\" data-widget_type=\"image-carousel.default\">\n\t\t\t\t<div class=\"elementor-widget-container\">\n\t\t\t\t\t\t\t<div class=\"elementor-image-carousel-wrapper swiper\" role=\"region\" aria-roledescription=\"carousel\" aria-label=\"Carrossel de imagens\" dir=\"ltr\">\n\t\t\t<div class=\"elementor-image-carousel swiper-wrapper\" aria-live=\"off\">\n\t\t\t\t\t\t\t\t<div class=\"swiper-slide\" role=\"group\" aria-roledescription=\"slide\" aria-label=\"1 de 4\"><figure class=\"swiper-slide-inner\"><img decoding=\"async\" class=\"swiper-slide-image\" src=\"https:\/\/hiperfireextintores.com.br\/blog\/wp-content\/uploads\/2023\/03\/clientes1.jpg\" alt=\"Clientes Hiper Fire Extintores\" \/><\/figure><\/div><div class=\"swiper-slide\" role=\"group\" aria-roledescription=\"slide\" aria-label=\"2 de 4\"><figure class=\"swiper-slide-inner\"><img decoding=\"async\" class=\"swiper-slide-image\" src=\"https:\/\/hiperfireextintores.com.br\/blog\/wp-content\/uploads\/2023\/03\/clientes2.jpg\" alt=\"Clientes Hiper Fire Extintores\" \/><\/figure><\/div><div class=\"swiper-slide\" role=\"group\" aria-roledescription=\"slide\" aria-label=\"3 de 4\"><figure class=\"swiper-slide-inner\"><img decoding=\"async\" class=\"swiper-slide-image\" src=\"https:\/\/hiperfireextintores.com.br\/blog\/wp-content\/uploads\/2023\/03\/clientes3.jpg\" alt=\"Clientes Hiper Fire Extintores\" \/><\/figure><\/div><div class=\"swiper-slide\" role=\"group\" aria-roledescription=\"slide\" aria-label=\"4 de 4\"><figure class=\"swiper-slide-inner\"><img decoding=\"async\" class=\"swiper-slide-image\" src=\"https:\/\/hiperfireextintores.com.br\/blog\/wp-content\/uploads\/2023\/03\/clientes4.jpg\" alt=\"Clientes Hiper Fire Extintores\" \/><\/figure><\/div>\t\t\t<\/div>\n\t\t\t\t\t\t\t\t\t\t\t\t<div class=\"elementor-swiper-button elementor-swiper-button-prev\" role=\"button\" tabindex=\"0\">\n\t\t\t\t\t\t<i aria-hidden=\"true\" class=\"eicon-chevron-left\"><\/i>\t\t\t\t\t<\/div>\n\t\t\t\t\t<div class=\"elementor-swiper-button elementor-swiper-button-next\" role=\"button\" tabindex=\"0\">\n\t\t\t\t\t\t<i aria-hidden=\"true\" class=\"eicon-chevron-right\"><\/i>\t\t\t\t\t<\/div>\n\t\t\t\t\n\t\t\t\t\t\t\t\t\t<\/div>\n\t\t\t\t\t\t<\/div>\n\t\t\t\t<\/div>\n\t\t\t\t\t<\/div>\n\t\t<\/div>\n\t\t\t\t\t<\/div>\n\t\t<\/section>\n\t\t\t\t<\/div>\n\t\t","protected":false},"excerpt":{"rendered":"<p>Empresa de Extintores de Inc\u00eandio Hiper Fire\u200b Temos uma larga experi\u00eancia no mercado adquirida atrav\u00e9s da atua\u00e7\u00e3o de mercado de [&hellip;]<\/p>\n","protected":false},"author":1,"featured_media":0,"parent":0,"menu_order":0,"comment_status":"closed","ping_status":"closed","template":"","meta":{"_monsterinsights_skip_tracking":false,"_monsterinsights_sitenote_active":false,"_monsterinsights_sitenote_note":"","_monsterinsights_sitenote_category":0,"site-sidebar-layout":"no-sidebar","site-content-layout":"page-builder","ast-site-content-layout":"","site-content-style":"default","site-sidebar-style":"default","ast-global-header-display":"","ast-banner-title-visibility":"","ast-main-header-display":"","ast-hfb-above-header-display":"","ast-hfb-below-header-display":"","ast-hfb-mobile-header-display":"","site-post-title":"disabled","ast-breadcrumbs-content":"","ast-featured-img":"disabled","footer-sml-layout":"","theme-transparent-header-meta":"default","adv-header-id-meta":"","stick-header-meta":"","header-above-stick-meta":"","header-main-stick-meta":"","header-below-stick-meta":"","astra-migrate-meta-layouts":"default","ast-page-background-enabled":"default","ast-page-background-meta":{"desktop":{"background-color":"var(--ast-global-color-4)","background-image":"","background-repeat":"repeat","background-position":"center center","background-size":"auto","background-attachment":"scroll","background-type":"","background-media":"","overlay-type":"","overlay-color":"","overlay-opacity":"","overlay-gradient":""},"tablet":{"background-color":"","background-image":"","background-repeat":"repeat","background-position":"center center","background-size":"auto","background-attachment":"scroll","background-type":"","background-media":"","overlay-type":"","overlay-color":"","overlay-opacity":"","overlay-gradient":""},"mobile":{"background-color":"","background-image":"","background-repeat":"repeat","background-position":"center center","background-size":"auto","background-attachment":"scroll","background-type":"","background-media":"","overlay-type":"","overlay-color":"","overlay-opacity":"","overlay-gradient":""}},"ast-content-background-meta":{"desktop":{"background-color":"var(--ast-global-color-5)","background-image":"","background-repeat":"repeat","background-position":"center center","background-size":"auto","background-attachment":"scroll","background-type":"","background-media":"","overlay-type":"","overlay-color":"","overlay-opacity":"","overlay-gradient":""},"tablet":{"background-color":"var(--ast-global-color-5)","background-image":"","background-repeat":"repeat","background-position":"center center","background-size":"auto","background-attachment":"scroll","background-type":"","background-media":"","overlay-type":"","overlay-color":"","overlay-opacity":"","overlay-gradient":""},"mobile":{"background-color":"var(--ast-global-color-5)","background-image":"","background-repeat":"repeat","background-position":"center center","background-size":"auto","background-attachment":"scroll","background-type":"","background-media":"","overlay-type":"","overlay-color":"","overlay-opacity":"","overlay-gradient":""}},"footnotes":""},"class_list":["post-2314","page","type-page","status-publish","hentry"],"yoast_head":"<!-- This site is optimized with the Yoast SEO plugin v22.7 - https:\/\/yoast.com\/wordpress\/plugins\/seo\/ -->\n<title>Empresa de Extintores de Inc\u00eandio Hiper Fire - Blog Hiper Fire Extintores SP<\/title>\n<meta name=\"description\" content=\"Hiper Fire Extintores de Inc\u00eandio SP. Empresa especializada em recarga de extintores e equipamentos de combate \u00e0 inc\u00eandio. Atendemos todo estado de SP.\" \/>\n<meta name=\"robots\" content=\"index, follow, max-snippet:-1, max-image-preview:large, max-video-preview:-1\" \/>\n<link rel=\"canonical\" href=\"https:\/\/hiperfireextintores.com.br\/blog\/empresa-de-extintores-de-incendio-hiper-fire\/\" \/>\n<meta property=\"og:locale\" content=\"pt_BR\" \/>\n<meta property=\"og:type\" content=\"article\" \/>\n<meta property=\"og:title\" content=\"Empresa de Extintores de Inc\u00eandio Hiper Fire - Blog Hiper Fire Extintores SP\" \/>\n<meta property=\"og:description\" content=\"Hiper Fire Extintores de Inc\u00eandio SP. Empresa especializada em recarga de extintores e equipamentos de combate \u00e0 inc\u00eandio. Atendemos todo estado de SP.\" \/>\n<meta property=\"og:url\" content=\"https:\/\/hiperfireextintores.com.br\/blog\/empresa-de-extintores-de-incendio-hiper-fire\/\" \/>\n<meta property=\"og:site_name\" content=\"Blog Hiper Fire Extintores SP\" \/>\n<meta property=\"article:modified_time\" content=\"2025-03-03T22:33:16+00:00\" \/>\n<meta property=\"og:image\" content=\"https:\/\/www.hiperfireextintores.com.br\/blog\/wp-content\/uploads\/2021\/06\/hiper-fire-recarga-extintores.jpg\" \/>\n<meta name=\"twitter:card\" content=\"summary_large_image\" \/>\n<meta name=\"twitter:label1\" content=\"Est. tempo de leitura\" \/>\n\t<meta name=\"twitter:data1\" content=\"3 minutos\" \/>\n<script type=\"application\/ld+json\" class=\"yoast-schema-graph\">{\"@context\":\"https:\/\/schema.org\",\"@graph\":[{\"@type\":\"WebPage\",\"@id\":\"https:\/\/hiperfireextintores.com.br\/blog\/empresa-de-extintores-de-incendio-hiper-fire\/\",\"url\":\"https:\/\/hiperfireextintores.com.br\/blog\/empresa-de-extintores-de-incendio-hiper-fire\/\",\"name\":\"Empresa de Extintores de Inc\u00eandio Hiper Fire - Blog Hiper Fire Extintores SP\",\"isPartOf\":{\"@id\":\"https:\/\/hiperfireextintores.com.br\/blog\/#website\"},\"primaryImageOfPage\":{\"@id\":\"https:\/\/hiperfireextintores.com.br\/blog\/empresa-de-extintores-de-incendio-hiper-fire\/#primaryimage\"},\"image\":{\"@id\":\"https:\/\/hiperfireextintores.com.br\/blog\/empresa-de-extintores-de-incendio-hiper-fire\/#primaryimage\"},\"thumbnailUrl\":\"https:\/\/www.hiperfireextintores.com.br\/blog\/wp-content\/uploads\/2021\/06\/hiper-fire-recarga-extintores.jpg\",\"datePublished\":\"2021-08-16T16:41:41+00:00\",\"dateModified\":\"2025-03-03T22:33:16+00:00\",\"description\":\"Hiper Fire Extintores de Inc\u00eandio SP. Empresa especializada em recarga de extintores e equipamentos de combate \u00e0 inc\u00eandio. Atendemos todo estado de SP.\",\"breadcrumb\":{\"@id\":\"https:\/\/hiperfireextintores.com.br\/blog\/empresa-de-extintores-de-incendio-hiper-fire\/#breadcrumb\"},\"inLanguage\":\"pt-BR\",\"potentialAction\":[{\"@type\":\"ReadAction\",\"target\":[\"https:\/\/hiperfireextintores.com.br\/blog\/empresa-de-extintores-de-incendio-hiper-fire\/\"]}]},{\"@type\":\"ImageObject\",\"inLanguage\":\"pt-BR\",\"@id\":\"https:\/\/hiperfireextintores.com.br\/blog\/empresa-de-extintores-de-incendio-hiper-fire\/#primaryimage\",\"url\":\"https:\/\/www.hiperfireextintores.com.br\/blog\/wp-content\/uploads\/2021\/06\/hiper-fire-recarga-extintores.jpg\",\"contentUrl\":\"https:\/\/www.hiperfireextintores.com.br\/blog\/wp-content\/uploads\/2021\/06\/hiper-fire-recarga-extintores.jpg\"},{\"@type\":\"BreadcrumbList\",\"@id\":\"https:\/\/hiperfireextintores.com.br\/blog\/empresa-de-extintores-de-incendio-hiper-fire\/#breadcrumb\",\"itemListElement\":[{\"@type\":\"ListItem\",\"position\":1,\"name\":\"In\u00edcio\",\"item\":\"https:\/\/hiperfireextintores.com.br\/blog\/\"},{\"@type\":\"ListItem\",\"position\":2,\"name\":\"Empresa de Extintores de Inc\u00eandio Hiper Fire\"}]},{\"@type\":\"WebSite\",\"@id\":\"https:\/\/hiperfireextintores.com.br\/blog\/#website\",\"url\":\"https:\/\/hiperfireextintores.com.br\/blog\/\",\"name\":\"Blog Hiper Fire Extintores SP\",\"description\":\"Empresa de Extintores de Inc\u00eandio\",\"publisher\":{\"@id\":\"https:\/\/hiperfireextintores.com.br\/blog\/#organization\"},\"potentialAction\":[{\"@type\":\"SearchAction\",\"target\":{\"@type\":\"EntryPoint\",\"urlTemplate\":\"https:\/\/hiperfireextintores.com.br\/blog\/?s={search_term_string}\"},\"query-input\":\"required name=search_term_string\"}],\"inLanguage\":\"pt-BR\"},{\"@type\":\"Organization\",\"@id\":\"https:\/\/hiperfireextintores.com.br\/blog\/#organization\",\"name\":\"Blog Hiper Fire Extintores SP\",\"url\":\"https:\/\/hiperfireextintores.com.br\/blog\/\",\"logo\":{\"@type\":\"ImageObject\",\"inLanguage\":\"pt-BR\",\"@id\":\"https:\/\/hiperfireextintores.com.br\/blog\/#\/schema\/logo\/image\/\",\"url\":\"https:\/\/hiperfireextintores.com.br\/blog\/wp-content\/uploads\/2025\/01\/logo-hiper-fire.png\",\"contentUrl\":\"https:\/\/hiperfireextintores.com.br\/blog\/wp-content\/uploads\/2025\/01\/logo-hiper-fire.png\",\"width\":352,\"height\":179,\"caption\":\"Blog Hiper Fire Extintores SP\"},\"image\":{\"@id\":\"https:\/\/hiperfireextintores.com.br\/blog\/#\/schema\/logo\/image\/\"}}]}<\/script>\n<!-- \/ Yoast SEO plugin. -->","yoast_head_json":{"title":"Empresa de Extintores de Inc\u00eandio Hiper Fire - Blog Hiper Fire Extintores SP","description":"Hiper Fire Extintores de Inc\u00eandio SP. Empresa especializada em recarga de extintores e equipamentos de combate \u00e0 inc\u00eandio. Atendemos todo estado de SP.","robots":{"index":"index","follow":"follow","max-snippet":"max-snippet:-1","max-image-preview":"max-image-preview:large","max-video-preview":"max-video-preview:-1"},"canonical":"https:\/\/hiperfireextintores.com.br\/blog\/empresa-de-extintores-de-incendio-hiper-fire\/","og_locale":"pt_BR","og_type":"article","og_title":"Empresa de Extintores de Inc\u00eandio Hiper Fire - Blog Hiper Fire Extintores SP","og_description":"Hiper Fire Extintores de Inc\u00eandio SP. Empresa especializada em recarga de extintores e equipamentos de combate \u00e0 inc\u00eandio. Atendemos todo estado de SP.","og_url":"https:\/\/hiperfireextintores.com.br\/blog\/empresa-de-extintores-de-incendio-hiper-fire\/","og_site_name":"Blog Hiper Fire Extintores SP","article_modified_time":"2025-03-03T22:33:16+00:00","og_image":[{"url":"https:\/\/www.hiperfireextintores.com.br\/blog\/wp-content\/uploads\/2021\/06\/hiper-fire-recarga-extintores.jpg"}],"twitter_card":"summary_large_image","twitter_misc":{"Est. tempo de leitura":"3 minutos"},"schema":{"@context":"https:\/\/schema.org","@graph":[{"@type":"WebPage","@id":"https:\/\/hiperfireextintores.com.br\/blog\/empresa-de-extintores-de-incendio-hiper-fire\/","url":"https:\/\/hiperfireextintores.com.br\/blog\/empresa-de-extintores-de-incendio-hiper-fire\/","name":"Empresa de Extintores de Inc\u00eandio Hiper Fire - Blog Hiper Fire Extintores SP","isPartOf":{"@id":"https:\/\/hiperfireextintores.com.br\/blog\/#website"},"primaryImageOfPage":{"@id":"https:\/\/hiperfireextintores.com.br\/blog\/empresa-de-extintores-de-incendio-hiper-fire\/#primaryimage"},"image":{"@id":"https:\/\/hiperfireextintores.com.br\/blog\/empresa-de-extintores-de-incendio-hiper-fire\/#primaryimage"},"thumbnailUrl":"https:\/\/www.hiperfireextintores.com.br\/blog\/wp-content\/uploads\/2021\/06\/hiper-fire-recarga-extintores.jpg","datePublished":"2021-08-16T16:41:41+00:00","dateModified":"2025-03-03T22:33:16+00:00","description":"Hiper Fire Extintores de Inc\u00eandio SP. Empresa especializada em recarga de extintores e equipamentos de combate \u00e0 inc\u00eandio. Atendemos todo estado de SP.","breadcrumb":{"@id":"https:\/\/hiperfireextintores.com.br\/blog\/empresa-de-extintores-de-incendio-hiper-fire\/#breadcrumb"},"inLanguage":"pt-BR","potentialAction":[{"@type":"ReadAction","target":["https:\/\/hiperfireextintores.com.br\/blog\/empresa-de-extintores-de-incendio-hiper-fire\/"]}]},{"@type":"ImageObject","inLanguage":"pt-BR","@id":"https:\/\/hiperfireextintores.com.br\/blog\/empresa-de-extintores-de-incendio-hiper-fire\/#primaryimage","url":"https:\/\/www.hiperfireextintores.com.br\/blog\/wp-content\/uploads\/2021\/06\/hiper-fire-recarga-extintores.jpg","contentUrl":"https:\/\/www.hiperfireextintores.com.br\/blog\/wp-content\/uploads\/2021\/06\/hiper-fire-recarga-extintores.jpg"},{"@type":"BreadcrumbList","@id":"https:\/\/hiperfireextintores.com.br\/blog\/empresa-de-extintores-de-incendio-hiper-fire\/#breadcrumb","itemListElement":[{"@type":"ListItem","position":1,"name":"In\u00edcio","item":"https:\/\/hiperfireextintores.com.br\/blog\/"},{"@type":"ListItem","position":2,"name":"Empresa de Extintores de Inc\u00eandio Hiper Fire"}]},{"@type":"WebSite","@id":"https:\/\/hiperfireextintores.com.br\/blog\/#website","url":"https:\/\/hiperfireextintores.com.br\/blog\/","name":"Blog Hiper Fire Extintores SP","description":"Empresa de Extintores de Inc\u00eandio","publisher":{"@id":"https:\/\/hiperfireextintores.com.br\/blog\/#organization"},"potentialAction":[{"@type":"SearchAction","target":{"@type":"EntryPoint","urlTemplate":"https:\/\/hiperfireextintores.com.br\/blog\/?s={search_term_string}"},"query-input":"required name=search_term_string"}],"inLanguage":"pt-BR"},{"@type":"Organization","@id":"https:\/\/hiperfireextintores.com.br\/blog\/#organization","name":"Blog Hiper Fire Extintores SP","url":"https:\/\/hiperfireextintores.com.br\/blog\/","logo":{"@type":"ImageObject","inLanguage":"pt-BR","@id":"https:\/\/hiperfireextintores.com.br\/blog\/#\/schema\/logo\/image\/","url":"https:\/\/hiperfireextintores.com.br\/blog\/wp-content\/uploads\/2025\/01\/logo-hiper-fire.png","contentUrl":"https:\/\/hiperfireextintores.com.br\/blog\/wp-content\/uploads\/2025\/01\/logo-hiper-fire.png","width":352,"height":179,"caption":"Blog Hiper Fire Extintores SP"},"image":{"@id":"https:\/\/hiperfireextintores.com.br\/blog\/#\/schema\/logo\/image\/"}}]}},"_links":{"self":[{"href":"https:\/\/hiperfireextintores.com.br\/blog\/wp-json\/wp\/v2\/pages\/2314","targetHints":{"allow":["GET"]}}],"collection":[{"href":"https:\/\/hiperfireextintores.com.br\/blog\/wp-json\/wp\/v2\/pages"}],"about":[{"href":"https:\/\/hiperfireextintores.com.br\/blog\/wp-json\/wp\/v2\/types\/page"}],"author":[{"embeddable":true,"href":"https:\/\/hiperfireextintores.com.br\/blog\/wp-json\/wp\/v2\/users\/1"}],"replies":[{"embeddable":true,"href":"https:\/\/hiperfireextintores.com.br\/blog\/wp-json\/wp\/v2\/comments?post=2314"}],"version-history":[{"count":35,"href":"https:\/\/hiperfireextintores.com.br\/blog\/wp-json\/wp\/v2\/pages\/2314\/revisions"}],"predecessor-version":[{"id":3408,"href":"https:\/\/hiperfireextintores.com.br\/blog\/wp-json\/wp\/v2\/pages\/2314\/revisions\/3408"}],"wp:attachment":[{"href":"https:\/\/hiperfireextintores.com.br\/blog\/wp-json\/wp\/v2\/media?parent=2314"}],"curies":[{"name":"wp","href":"https:\/\/api.w.org\/{rel}","templated":true}]}}